{"id":562,"date":"2023-08-23T15:15:53","date_gmt":"2023-08-23T13:15:53","guid":{"rendered":"https:\/\/resetfisio.com\/politica-de-privacidad\/"},"modified":"2023-11-29T10:54:16","modified_gmt":"2023-11-29T09:54:16","slug":"politica-de-privacidad","status":"publish","type":"page","link":"https:\/\/resetfisio.com\/es\/politica-de-privacidad\/","title":{"rendered":"Pol\u00edtica de privacidad"},"content":{"rendered":"\t\t<div data-elementor-type=\"wp-page\" data-elementor-id=\"562\" class=\"elementor elementor-562 elementor-3\" data-elementor-post-type=\"page\">\n\t\t\t\t\t\t<section data-particle_enable=\"false\" data-particle-mobile-disabled=\"false\" class=\"elementor-section elementor-top-section elementor-element elementor-element-38d68233 elementor-section-boxed elementor-section-height-default elementor-section-height-default\" data-id=\"38d68233\" data-element_type=\"section\" data-e-type=\"section\">\n\t\t\t\t\t\t<div class=\"elementor-container elementor-column-gap-default\">\n\t\t\t\t\t<div class=\"elementor-column elementor-col-100 elementor-top-column elementor-element elementor-element-f681797\" data-id=\"f681797\" data-element_type=\"column\" data-e-type=\"column\">\n\t\t\t<div class=\"elementor-widget-wrap elementor-element-populated\">\n\t\t\t\t\t\t<div class=\"elementor-element elementor-element-c9d9a6f elementor-widget elementor-widget-spacer\" data-id=\"c9d9a6f\" data-element_type=\"widget\" data-e-type=\"widget\" data-widget_type=\"spacer.default\">\n\t\t\t\t<div class=\"elementor-widget-container\">\n\t\t\t\t\t\t\t<div class=\"elementor-spacer\">\n\t\t\t<div class=\"elementor-spacer-inner\"><\/div>\n\t\t<\/div>\n\t\t\t\t\t\t<\/div>\n\t\t\t\t<\/div>\n\t\t\t\t<div class=\"elementor-element elementor-element-9fe92de elementor-widget elementor-widget-heading\" data-id=\"9fe92de\" data-element_type=\"widget\" data-e-type=\"widget\" data-widget_type=\"heading.default\">\n\t\t\t\t<div class=\"elementor-widget-container\">\n\t\t\t\t\t<h2 class=\"elementor-heading-title elementor-size-default\">POL\u00cdTICA DE PRIVACIDAD<\/h2>\t\t\t\t<\/div>\n\t\t\t\t<\/div>\n\t\t\t\t<div class=\"elementor-element elementor-element-53a98b65 elementor-widget elementor-widget-text-editor\" data-id=\"53a98b65\" data-element_type=\"widget\" data-e-type=\"widget\" data-widget_type=\"text-editor.default\">\n\t\t\t\t<div class=\"elementor-widget-container\">\n\t\t\t\t\t\t\t\t\t\n<p><strong>Qui\u00e9nes somos<\/strong><\/p>\n\n\n\n<p>La direcci\u00f3n de nuestra p\u00e1gina web es: https:\/\/resetfisio.com.<\/p>\n\n\n\n<p><strong>Comentarios<\/strong><\/p>\n\n\n\n<p>Cuando los visitantes dejan comentarios en el sitio, recogemos los datos que se muestran en el formulario de comentarios, as\u00ed como la direcci\u00f3n IP del visitante y la cadena de agente de usuario del navegador para ayudar a la detecci\u00f3n de spam.<\/p>\n\n\n\n<p>Se puede proporcionar una cadena an\u00f3nima creada a partir de su direcci\u00f3n de correo electr\u00f3nico (tambi\u00e9n llamada hash) en el servicio Gravatar para ver si la est\u00e1s utilizando. La pol\u00edtica de privacidad del servicio Gravatar est\u00e1 disponible aqu\u00ed: https:\/\/automattic.com\/privacy\/. Despu\u00e9s de la aprobaci\u00f3n de tu comentario, su foto de perfil es visible para el p\u00fablico en el contexto de tu comentario. <\/p>\n\n\n\n<p><strong>Medios de comunicaci\u00f3n<\/strong><\/p>\n\n\n\n<p>Si cuelga im\u00e1genes en el sitio web, debe evitar colgar im\u00e1genes con datos de ubicaci\u00f3n incrustados (EXIF GPS) incluidos. Los visitantes del sitio web pueden descargar y extraer cualquier dato de ubicaci\u00f3n de las im\u00e1genes del sitio web. <\/p>\n\n\n\n<p><strong>Cookies<\/strong><\/p>\n\n\n\n<p>Si deja un comentario en nuestro sitio, puede optar por guardar su nombre, direcci\u00f3n de correo electr\u00f3nico y sitio web en las cookies. \u00c9stas son para tu comodidad para que no tengas que rellenar tus datos de nuevo cuando dejes otro comentario. Estas galletas durar\u00e1n un a\u00f1o.  <\/p>\n\n\n\n<p>Si visita nuestra p\u00e1gina de inicio de sesi\u00f3n, estableceremos una cookie temporal para determinar si su navegador acepta cookies. Esta cookie no contiene datos personales y se descarta al cierre del navegador. <\/p>\n\n\n\n<p>Cuando inicie sesi\u00f3n, tambi\u00e9n configuraremos varias cookies para guardar su informaci\u00f3n de inicio de sesi\u00f3n y sus opciones de visualizaci\u00f3n de la pantalla. Las cookies de inicio de sesi\u00f3n duran dos d\u00edas y las de opciones de pantalla un a\u00f1o. Si selecciona \u00abRecuerdame\u00bb, su inicio de sesi\u00f3n se mantendr\u00e1 durante dos semanas. Si cierra la sesi\u00f3n de su cuenta, las cookies de inicio de sesi\u00f3n se eliminar\u00e1n.   <\/p>\n\n\n\n<p>Si edita o publica un art\u00edculo, se guardar\u00e1 una cookie adicional en su navegador. Esta cookie no incluye datos personales y simplemente indica el ID de publicaci\u00f3n del art\u00edculo que acaba de editar. Caduca al cabo de 1 d\u00eda.  <\/p>\n\n\n\n<p><strong>Contenido incrustado de otros sitios web<\/strong><\/p>\n\n\n\n<p>Los art\u00edculos de este sitio pueden incluir contenido incrustado (por ejemplo, v\u00eddeos, im\u00e1genes, art\u00edculos, etc.). El contenido incrustado de otros sitios web se comporta exactamente de la misma forma que si el visitante hubiera visitado el otro sitio web. <\/p>\n\n\n\n<p>Estos sitios web pueden recopilar datos sobre ti, utilizar cookies, incrustar un seguimiento adicional de terceros y supervisar tu interacci\u00f3n con ese contenido incrustado, incluido el seguimiento de tu interacci\u00f3n con el contenido incrustado si tienes una cuenta y est\u00e1s conectado a este sitio web .<\/p>\n\n\n\n<p><strong>Con qui\u00e9n compartimos tus datos<\/strong><\/p>\n\n\n\n<p>Si solicita un restablecimiento de la contrase\u00f1a, su direcci\u00f3n IP se incluir\u00e1 en el correo electr\u00f3nico de restablecimiento.<\/p>\n\n\n\n<p><strong>\u00bfCu\u00e1nto tiempo conservamos sus datos?<\/strong><\/p>\n\n\n\n<p>Si deja un comentario, el comentario y sus metadatos se conservan indefinidamente. Esto se debe a que podamos reconocer y aprobar cualquier comentario de seguimiento autom\u00e1ticamente en lugar de mantenerlos en una cola de moderaci\u00f3n. <\/p>\n\n\n\n<p>Para los usuarios que se registran en nuestro sitio web (si los hubiere), tambi\u00e9n almacenamos la informaci\u00f3n personal que proporcionan a su perfil de usuario. Todos los usuarios pueden ver, editar o suprimir su informaci\u00f3n personal en cualquier momento (salvo que no pueden cambiar su nombre de usuario). Los administradores del sitio web tambi\u00e9n pueden ver y editar esta informaci\u00f3n.  <\/p>\n\n\n\n<p><strong>Qu\u00e9 derechos tienes sobre tus datos<\/strong><\/p>\n\n\n\n<p>Si tiene una cuenta en este sitio o ha dejado comentarios, puede solicitar recibir un archivo exportado de los datos personales que tenemos sobre usted, incluidos los datos que nos haya proporcionado. Tambi\u00e9n puede solicitar que borremos los datos personales que tenemos sobre usted. Esto no incluye ning\u00fan dato que estamos obligados a conservar con fines administrativos, legales o de seguridad.  <\/p>\n\n\n\n<p><strong>D\u00f3nde se env\u00edan sus datos<\/strong><\/p>\n\n\n\n<p>Los comentarios de los visitantes se pueden comprobar mediante un servicio automatizado de detecci\u00f3n de spam.<\/p>\n\t\t\t\t\t\t\t\t<\/div>\n\t\t\t\t<\/div>\n\t\t\t\t<div class=\"elementor-element elementor-element-4b0d626 elementor-widget elementor-widget-spacer\" data-id=\"4b0d626\" data-element_type=\"widget\" data-e-type=\"widget\" data-widget_type=\"spacer.default\">\n\t\t\t\t<div class=\"elementor-widget-container\">\n\t\t\t\t\t\t\t<div class=\"elementor-spacer\">\n\t\t\t<div class=\"elementor-spacer-inner\"><\/div>\n\t\t<\/div>\n\t\t\t\t\t\t<\/div>\n\t\t\t\t<\/div>\n\t\t\t\t\t<\/div>\n\t\t<\/div>\n\t\t\t\t\t<\/div>\n\t\t<\/section>\n\t\t\t\t<\/div>\n\t\t","protected":false},"excerpt":{"rendered":"<p>POL\u00cdTICA DE PRIVACIDAD Qui\u00e9nes somos La direcci\u00f3n de nuestra p\u00e1gina web es: https:\/\/resetfisio.com. Comentarios Cuando los visitantes dejan comentarios en el sitio, recogemos los datos que se muestran en el formulario de comentarios, as\u00ed como la direcci\u00f3n IP del visitante y la cadena de agente de usuario del navegador para ayudar a la detecci\u00f3n de [&hellip;]<\/p>\n","protected":false},"author":1,"featured_media":0,"parent":0,"menu_order":0,"comment_status":"closed","ping_status":"closed","template":"","meta":{"footnotes":""},"class_list":["post-562","page","type-page","status-publish","hentry"],"yoast_head":"<!-- This site is optimized with the Yoast SEO plugin v27.4 - https:\/\/yoast.com\/product\/yoast-seo-wordpress\/ -->\n<title>Pol\u00edtica de privacidad - Reset Fisio<\/title>\n<meta name=\"robots\" content=\"index, follow, max-snippet:-1, max-image-preview:large, max-video-preview:-1\" \/>\n<link rel=\"canonical\" href=\"https:\/\/resetfisio.com\/es\/politica-de-privacidad\/\" \/>\n<meta property=\"og:locale\" content=\"es_ES\" \/>\n<meta property=\"og:type\" content=\"article\" \/>\n<meta property=\"og:title\" content=\"Pol\u00edtica de privacidad - Reset Fisio\" \/>\n<meta property=\"og:description\" content=\"POL\u00cdTICA DE PRIVACIDAD Qui\u00e9nes somos La direcci\u00f3n de nuestra p\u00e1gina web es: https:\/\/resetfisio.com. Comentarios Cuando los visitantes dejan comentarios en el sitio, recogemos los datos que se muestran en el formulario de comentarios, as\u00ed como la direcci\u00f3n IP del visitante y la cadena de agente de usuario del navegador para ayudar a la detecci\u00f3n de [&hellip;]\" \/>\n<meta property=\"og:url\" content=\"https:\/\/resetfisio.com\/es\/politica-de-privacidad\/\" \/>\n<meta property=\"og:site_name\" content=\"Reset Fisio\" \/>\n<meta property=\"article:modified_time\" content=\"2023-11-29T09:54:16+00:00\" \/>\n<meta name=\"twitter:card\" content=\"summary_large_image\" \/>\n<meta name=\"twitter:label1\" content=\"Tiempo de lectura\" \/>\n\t<meta name=\"twitter:data1\" content=\"4 minutos\" \/>\n<script type=\"application\/ld+json\" class=\"yoast-schema-graph\">{\"@context\":\"https:\\\/\\\/schema.org\",\"@graph\":[{\"@type\":\"WebPage\",\"@id\":\"https:\\\/\\\/resetfisio.com\\\/es\\\/politica-de-privacidad\\\/\",\"url\":\"https:\\\/\\\/resetfisio.com\\\/es\\\/politica-de-privacidad\\\/\",\"name\":\"Pol\u00edtica de privacidad - Reset Fisio\",\"isPartOf\":{\"@id\":\"https:\\\/\\\/resetfisio.com\\\/es\\\/#website\"},\"datePublished\":\"2023-08-23T13:15:53+00:00\",\"dateModified\":\"2023-11-29T09:54:16+00:00\",\"breadcrumb\":{\"@id\":\"https:\\\/\\\/resetfisio.com\\\/es\\\/politica-de-privacidad\\\/#breadcrumb\"},\"inLanguage\":\"es\",\"potentialAction\":[{\"@type\":\"ReadAction\",\"target\":[\"https:\\\/\\\/resetfisio.com\\\/es\\\/politica-de-privacidad\\\/\"]}]},{\"@type\":\"BreadcrumbList\",\"@id\":\"https:\\\/\\\/resetfisio.com\\\/es\\\/politica-de-privacidad\\\/#breadcrumb\",\"itemListElement\":[{\"@type\":\"ListItem\",\"position\":1,\"name\":\"Inici\",\"item\":\"https:\\\/\\\/resetfisio.com\\\/es\\\/\"},{\"@type\":\"ListItem\",\"position\":2,\"name\":\"Pol\u00edtica de privacidad\"}]},{\"@type\":\"WebSite\",\"@id\":\"https:\\\/\\\/resetfisio.com\\\/es\\\/#website\",\"url\":\"https:\\\/\\\/resetfisio.com\\\/es\\\/\",\"name\":\"Reset Fisio\",\"description\":\"\",\"publisher\":{\"@id\":\"https:\\\/\\\/resetfisio.com\\\/es\\\/#organization\"},\"potentialAction\":[{\"@type\":\"SearchAction\",\"target\":{\"@type\":\"EntryPoint\",\"urlTemplate\":\"https:\\\/\\\/resetfisio.com\\\/es\\\/?s={search_term_string}\"},\"query-input\":{\"@type\":\"PropertyValueSpecification\",\"valueRequired\":true,\"valueName\":\"search_term_string\"}}],\"inLanguage\":\"es\"},{\"@type\":\"Organization\",\"@id\":\"https:\\\/\\\/resetfisio.com\\\/es\\\/#organization\",\"name\":\"Reset Fisio\",\"url\":\"https:\\\/\\\/resetfisio.com\\\/es\\\/\",\"logo\":{\"@type\":\"ImageObject\",\"inLanguage\":\"es\",\"@id\":\"https:\\\/\\\/resetfisio.com\\\/es\\\/#\\\/schema\\\/logo\\\/image\\\/\",\"url\":\"https:\\\/\\\/resetfisio.com\\\/wp-content\\\/uploads\\\/2023\\\/11\\\/reset-fisio30.png\",\"contentUrl\":\"https:\\\/\\\/resetfisio.com\\\/wp-content\\\/uploads\\\/2023\\\/11\\\/reset-fisio30.png\",\"width\":147,\"height\":135,\"caption\":\"Reset Fisio\"},\"image\":{\"@id\":\"https:\\\/\\\/resetfisio.com\\\/es\\\/#\\\/schema\\\/logo\\\/image\\\/\"}}]}<\/script>\n<!-- \/ Yoast SEO plugin. -->","yoast_head_json":{"title":"Pol\u00edtica de privacidad - Reset Fisio","robots":{"index":"index","follow":"follow","max-snippet":"max-snippet:-1","max-image-preview":"max-image-preview:large","max-video-preview":"max-video-preview:-1"},"canonical":"https:\/\/resetfisio.com\/es\/politica-de-privacidad\/","og_locale":"es_ES","og_type":"article","og_title":"Pol\u00edtica de privacidad - Reset Fisio","og_description":"POL\u00cdTICA DE PRIVACIDAD Qui\u00e9nes somos La direcci\u00f3n de nuestra p\u00e1gina web es: https:\/\/resetfisio.com. Comentarios Cuando los visitantes dejan comentarios en el sitio, recogemos los datos que se muestran en el formulario de comentarios, as\u00ed como la direcci\u00f3n IP del visitante y la cadena de agente de usuario del navegador para ayudar a la detecci\u00f3n de [&hellip;]","og_url":"https:\/\/resetfisio.com\/es\/politica-de-privacidad\/","og_site_name":"Reset Fisio","article_modified_time":"2023-11-29T09:54:16+00:00","twitter_card":"summary_large_image","twitter_misc":{"Tiempo de lectura":"4 minutos"},"schema":{"@context":"https:\/\/schema.org","@graph":[{"@type":"WebPage","@id":"https:\/\/resetfisio.com\/es\/politica-de-privacidad\/","url":"https:\/\/resetfisio.com\/es\/politica-de-privacidad\/","name":"Pol\u00edtica de privacidad - Reset Fisio","isPartOf":{"@id":"https:\/\/resetfisio.com\/es\/#website"},"datePublished":"2023-08-23T13:15:53+00:00","dateModified":"2023-11-29T09:54:16+00:00","breadcrumb":{"@id":"https:\/\/resetfisio.com\/es\/politica-de-privacidad\/#breadcrumb"},"inLanguage":"es","potentialAction":[{"@type":"ReadAction","target":["https:\/\/resetfisio.com\/es\/politica-de-privacidad\/"]}]},{"@type":"BreadcrumbList","@id":"https:\/\/resetfisio.com\/es\/politica-de-privacidad\/#breadcrumb","itemListElement":[{"@type":"ListItem","position":1,"name":"Inici","item":"https:\/\/resetfisio.com\/es\/"},{"@type":"ListItem","position":2,"name":"Pol\u00edtica de privacidad"}]},{"@type":"WebSite","@id":"https:\/\/resetfisio.com\/es\/#website","url":"https:\/\/resetfisio.com\/es\/","name":"Reset Fisio","description":"","publisher":{"@id":"https:\/\/resetfisio.com\/es\/#organization"},"potentialAction":[{"@type":"SearchAction","target":{"@type":"EntryPoint","urlTemplate":"https:\/\/resetfisio.com\/es\/?s={search_term_string}"},"query-input":{"@type":"PropertyValueSpecification","valueRequired":true,"valueName":"search_term_string"}}],"inLanguage":"es"},{"@type":"Organization","@id":"https:\/\/resetfisio.com\/es\/#organization","name":"Reset Fisio","url":"https:\/\/resetfisio.com\/es\/","logo":{"@type":"ImageObject","inLanguage":"es","@id":"https:\/\/resetfisio.com\/es\/#\/schema\/logo\/image\/","url":"https:\/\/resetfisio.com\/wp-content\/uploads\/2023\/11\/reset-fisio30.png","contentUrl":"https:\/\/resetfisio.com\/wp-content\/uploads\/2023\/11\/reset-fisio30.png","width":147,"height":135,"caption":"Reset Fisio"},"image":{"@id":"https:\/\/resetfisio.com\/es\/#\/schema\/logo\/image\/"}}]}},"_links":{"self":[{"href":"https:\/\/resetfisio.com\/es\/wp-json\/wp\/v2\/pages\/562","targetHints":{"allow":["GET"]}}],"collection":[{"href":"https:\/\/resetfisio.com\/es\/wp-json\/wp\/v2\/pages"}],"about":[{"href":"https:\/\/resetfisio.com\/es\/wp-json\/wp\/v2\/types\/page"}],"author":[{"embeddable":true,"href":"https:\/\/resetfisio.com\/es\/wp-json\/wp\/v2\/users\/1"}],"replies":[{"embeddable":true,"href":"https:\/\/resetfisio.com\/es\/wp-json\/wp\/v2\/comments?post=562"}],"version-history":[{"count":0,"href":"https:\/\/resetfisio.com\/es\/wp-json\/wp\/v2\/pages\/562\/revisions"}],"wp:attachment":[{"href":"https:\/\/resetfisio.com\/es\/wp-json\/wp\/v2\/media?parent=562"}],"curies":[{"name":"wp","href":"https:\/\/api.w.org\/{rel}","templated":true}]}}